{"id":301,"date":"2025-10-15T16:16:47","date_gmt":"2025-10-15T16:16:47","guid":{"rendered":"https:\/\/scan4myhealth.com\/?page_id=301"},"modified":"2026-04-13T13:21:27","modified_gmt":"2026-04-13T13:21:27","slug":"ficha-do-projeto","status":"publish","type":"page","link":"https:\/\/scan4myhealth.com\/index.php\/ficha-do-projeto\/","title":{"rendered":"Ficha do projeto"},"content":{"rendered":"\t\t<div data-elementor-type=\"wp-page\" data-elementor-id=\"301\" class=\"elementor elementor-301\">\n\t\t\t\t<div class=\"elementor-element elementor-element-34b1b5df e-flex e-con-boxed e-con e-parent\" data-id=\"34b1b5df\" data-element_type=\"container\" data-e-type=\"container\" data-settings=\"{&quot;background_background&quot;:&quot;gradient&quot;,&quot;shape_divider_bottom&quot;:&quot;waves&quot;}\">\n\t\t\t\t\t<div class=\"e-con-inner\">\n\t\t\t\t<div class=\"elementor-shape elementor-shape-bottom\" aria-hidden=\"true\" data-negative=\"false\">\n\t\t\t<svg xmlns=\"http:\/\/www.w3.org\/2000\/svg\" viewBox=\"0 0 1000 100\" preserveAspectRatio=\"none\">\n\t<path class=\"elementor-shape-fill\" d=\"M421.9,6.5c22.6-2.5,51.5,0.4,75.5,5.3c23.6,4.9,70.9,23.5,100.5,35.7c75.8,32.2,133.7,44.5,192.6,49.7\n\tc23.6,2.1,48.7,3.5,103.4-2.5c54.7-6,106.2-25.6,106.2-25.6V0H0v30.3c0,0,72,32.6,158.4,30.5c39.2-0.7,92.8-6.7,134-22.4\n\tc21.2-8.1,52.2-18.2,79.7-24.2C399.3,7.9,411.6,7.5,421.9,6.5z\"\/>\n<\/svg>\t\t<\/div>\n\t\t\t\t<div class=\"elementor-element elementor-element-6d65f201 elementor-widget elementor-widget-heading\" data-id=\"6d65f201\" data-element_type=\"widget\" data-e-type=\"widget\" data-widget_type=\"heading.default\">\n\t\t\t\t\t<h1 class=\"elementor-heading-title elementor-size-default\"><span data-teams=\"true\">Ficha do projeto <\/span><\/h1>\t\t\t\t<\/div>\n\t\t\t\t\t<\/div>\n\t\t\t\t<\/div>\n\t\t<div class=\"elementor-element elementor-element-e435022 e-flex e-con-boxed e-con e-parent\" data-id=\"e435022\" data-element_type=\"container\" data-e-type=\"container\" data-settings=\"{&quot;background_background&quot;:&quot;classic&quot;}\">\n\t\t\t\t\t<div class=\"e-con-inner\">\n\t\t\t\t<div class=\"elementor-element elementor-element-b9405aa elementor-widget elementor-widget-image\" data-id=\"b9405aa\" data-element_type=\"widget\" data-e-type=\"widget\" data-widget_type=\"image.default\">\n\t\t\t\t\t\t\t\t\t\t\t\t\t\t\t<img decoding=\"async\" src=\"https:\/\/scan4myhealth.com\/wp-content\/uploads\/elementor\/thumbs\/thumbnail_ANEXO-1-BARRA-PRR_2024_nova-rdl4ibzvzmsrnp7gzviaihgwvsnxf7q4rec22p01yg.png\" title=\"thumbnail_ANEXO 1 &#8211; BARRA PRR_2024_nova\" alt=\"thumbnail_ANEXO 1 - BARRA PRR_2024_nova\" loading=\"lazy\" \/>\t\t\t\t\t\t\t\t\t\t\t\t\t\t\t<\/div>\n\t\t\t\t<div class=\"elementor-element elementor-element-659bb41b elementor-widget elementor-widget-text-editor\" data-id=\"659bb41b\" data-element_type=\"widget\" data-e-type=\"widget\" data-widget_type=\"text-editor.default\">\n\t\t\t\t\t\t\t\t\t<p><b>Designa\u00e7\u00e3o do Projeto:<\/b> Servi\u00e7o digital de desmaterializa\u00e7\u00e3o recolha e tratamento de dados cl\u00ednicos &#8211; Scan4Health<\/p>\n<p><b>C\u00f3digo do projeto: <\/b>12410<\/p>\n<p><b>Aviso:<\/b> 16\/C16-i02\/2023 &#8211; Vouchers para startups &#8211; Novos Produtos Verdes e Digitais<\/p>\n<p><b>Regi\u00e3o de interven\u00e7\u00e3o:<\/b> CENTRO<\/p>\n<p><b>Entidade benefici\u00e1ria: <\/b>SCAN 4&nbsp; HEALTH UNIPESSOAL LDA<\/p>\n<p><b>Data de in\u00edcio: <\/b>11-11-2024<\/p>\n<p><b>Data de conclus\u00e3o:<\/b> 12-11-2025<\/p>\n<p><b>Investimento total eleg\u00edvel: <\/b>38.200,00\u20ac<\/p>\n<p><b>Apoio financeiro da Uni\u00e3o Europeia: <\/b>30.000,00\u20ac&nbsp; &nbsp; &nbsp; &nbsp; &nbsp; &nbsp;<span style=\"background-color: rgb(255, 254, 254); font-size: inherit;\"><b><a href=\"https:\/\/recuperarportugal.gov.pt\/\">https:\/\/recuperarportugal.gov.pt\/<\/a><\/b><\/span><\/p>\n<p><b>Objetivos, atividades e resultados esperados\/atingidos:<\/b><\/p>\n<p>Com o presente projeto pretendemos desenvolver e disponibilizar ao mercado da sa\u00fade (SNS; Institui\u00e7\u00f5es privadas de sa\u00fade, lares de resid\u00eancia, etc), uma solu\u00e7\u00e3o tecnol\u00f3gica (Scan4Health) totalmente inovadora de constante e proactiva monitoriza\u00e7\u00e3o dos dados cl\u00ednicos dos pacientes que permita redu\u00e7\u00e3o de custos para as institui\u00e7\u00f5es e mais conforto aos pacientes (podem ficar em casa por exemplo, sem com isso deixarem de estar constantemente acompanhados\/ monitorizados). Solu\u00e7\u00e3o de vanguarda tecnol\u00f3gica optimizadora dos cuidados de sa\u00fade. Produto \/ Servi\u00e7o verde pela sua pr\u00f3pria conce\u00e7\u00e3o tecnol\u00f3gica e contributo para evitar para a digitaliza\u00e7\u00e3o deste servi\u00e7o, reduzindo visitas m\u00e9dicas, papel, desloca\u00e7\u00f5es t\u00e9cnicas, desloca\u00e7\u00f5es dos utentes, etc<\/p>\t\t\t\t\t\t\t\t<\/div>\n\t\t\t\t\t<\/div>\n\t\t\t\t<\/div>\n\t\t<div class=\"elementor-element elementor-element-713269c2 e-flex e-con-boxed e-con e-parent\" data-id=\"713269c2\" data-element_type=\"container\" data-e-type=\"container\" data-settings=\"{&quot;background_background&quot;:&quot;gradient&quot;,&quot;shape_divider_top&quot;:&quot;waves&quot;}\">\n\t\t\t\t\t<div class=\"e-con-inner\">\n\t\t\t\t<div class=\"elementor-shape elementor-shape-top\" aria-hidden=\"true\" data-negative=\"false\">\n\t\t\t<svg xmlns=\"http:\/\/www.w3.org\/2000\/svg\" viewBox=\"0 0 1000 100\" preserveAspectRatio=\"none\">\n\t<path class=\"elementor-shape-fill\" d=\"M421.9,6.5c22.6-2.5,51.5,0.4,75.5,5.3c23.6,4.9,70.9,23.5,100.5,35.7c75.8,32.2,133.7,44.5,192.6,49.7\n\tc23.6,2.1,48.7,3.5,103.4-2.5c54.7-6,106.2-25.6,106.2-25.6V0H0v30.3c0,0,72,32.6,158.4,30.5c39.2-0.7,92.8-6.7,134-22.4\n\tc21.2-8.1,52.2-18.2,79.7-24.2C399.3,7.9,411.6,7.5,421.9,6.5z\"\/>\n<\/svg>\t\t<\/div>\n\t\t<div class=\"elementor-element elementor-element-10719f1c e-con-full e-flex e-con e-child\" data-id=\"10719f1c\" data-element_type=\"container\" data-e-type=\"container\">\n\t\t\t\t<div class=\"elementor-element elementor-element-7fb2800c elementor-widget__width-initial elementor-widget elementor-widget-cta\" data-id=\"7fb2800c\" data-element_type=\"widget\" data-e-type=\"widget\" data-settings=\"{&quot;primary_button_shape&quot;:&quot;round&quot;,&quot;cta_vertical_position&quot;:&quot;end&quot;,&quot;layout_preset&quot;:&quot;focus&quot;,&quot;box_shape&quot;:&quot;sharp&quot;}\" data-widget_type=\"cta.default\">\n\t\t\t\t<div class=\"elementor-widget-container\">\n\t\t\t\t\t\t\t<div class=\"has-shape-sharp shape-type-box ehp-cta has-preset-focus\">\n\t\t\t<div class=\"ehp-cta__overlay\"><\/div>\n\t\t\t<div class=\"ehp-cta__elements-container\">\n\t\t\t\t\t\t<div class=\"ehp-cta__text-container\">\n\t\t\t<h2 class=\"ehp-cta__heading\">Inovamos com prop\u00f3sito.\u200b<\/h2><p class=\"ehp-cta__description\">Com sa\u00fade, juntos.<\/p>\t\t<\/div>\n\t\t\t\t\t<div class=\"ehp-cta__ctas-container\">\n\t\t\t\t<div class=\"ehp-cta__buttons-wrapper\">\n\t\t\t\t\t\t\t<a class=\"has-shape-round shape-type-button ehp-button ehp-button--primary ehp-cta__button ehp-cta__button--primary is-type-button\" href=\"https:\/\/scan4myhealth.com\/index.php\/contactos\/\">\n\t\t\t<svg aria-hidden=\"true\" class=\"ehp-button__icon e-font-icon-svg e-fas-arrow-right\" 0=\"ehp-cta__button-icon\" viewBox=\"0 0 448 512\" xmlns=\"http:\/\/www.w3.org\/2000\/svg\"><path d=\"M190.5 66.9l22.2-22.2c9.4-9.4 24.6-9.4 33.9 0L441 239c9.4 9.4 9.4 24.6 0 33.9L246.6 467.3c-9.4 9.4-24.6 9.4-33.9 0l-22.2-22.2c-9.5-9.5-9.3-25 .4-34.3L311.4 296H24c-13.3 0-24-10.7-24-24v-32c0-13.3 10.7-24 24-24h287.4L190.9 101.2c-9.8-9.3-10-24.8-.4-34.3z\"><\/path><\/svg>\t\t<span class=\"ehp-button__text ehp-cta__button-text ehp-cta__button-text--primary\">\n\t\t\tFale Connosco\t\t\t\t<\/a>\n\t\t\t\t\t\t\t\t\t\t\t<\/div>\n\t\t\t<\/div>\n\t\t\t\t\t<\/div>\n\t\t<\/div>\n\t\t\t\t\t\t<\/div>\n\t\t\t\t<\/div>\n\t\t\t\t<\/div>\n\t\t<div class=\"elementor-element elementor-element-6b1871d4 e-con-full e-flex e-con e-child\" data-id=\"6b1871d4\" data-element_type=\"container\" data-e-type=\"container\">\n\t\t\t\t<div class=\"elementor-element elementor-element-256753d0 elementor-widget elementor-widget-image\" data-id=\"256753d0\" data-element_type=\"widget\" data-e-type=\"widget\" data-widget_type=\"image.default\">\n\t\t\t\t\t\t\t\t\t\t\t\t\t\t\t<img fetchpriority=\"high\" decoding=\"async\" width=\"539\" height=\"539\" src=\"https:\/\/scan4myhealth.com\/wp-content\/uploads\/2025\/10\/Officegest-12.png\" class=\"attachment-full size-full wp-image-189\" alt=\"\" srcset=\"https:\/\/scan4myhealth.com\/wp-content\/uploads\/2025\/10\/Officegest-12.png 539w, https:\/\/scan4myhealth.com\/wp-content\/uploads\/2025\/10\/Officegest-12-300x300.png 300w, https:\/\/scan4myhealth.com\/wp-content\/uploads\/2025\/10\/Officegest-12-150x150.png 150w\" sizes=\"(max-width: 539px) 100vw, 539px\" \/>\t\t\t\t\t\t\t\t\t\t\t\t\t\t\t<\/div>\n\t\t\t\t<\/div>\n\t\t\t\t\t<\/div>\n\t\t\t\t<\/div>\n\t\t\t\t<\/div>\n\t\t","protected":false},"excerpt":{"rendered":"<p>Ficha do projeto Designa\u00e7\u00e3o do Projeto: Servi\u00e7o digital de desmaterializa\u00e7\u00e3o recolha e tratamento de dados cl\u00ednicos &#8211; Scan4Health C\u00f3digo do projeto: 12410 Aviso: 16\/C16-i02\/2023 &#8211; Vouchers para startups &#8211; Novos Produtos Verdes e Digitais Regi\u00e3o de interven\u00e7\u00e3o: CENTRO Entidade benefici\u00e1ria: SCAN 4&nbsp; HEALTH UNIPESSOAL LDA Data de in\u00edcio: 11-11-2024 Data de conclus\u00e3o: 12-11-2025 Investimento total [&hellip;]<\/p>\n","protected":false},"author":3,"featured_media":0,"parent":0,"menu_order":0,"comment_status":"closed","ping_status":"closed","template":"","meta":{"footnotes":""},"class_list":["post-301","page","type-page","status-publish","hentry"],"yoast_head":"<!-- This site is optimized with the Yoast SEO plugin v27.2 - https:\/\/yoast.com\/product\/yoast-seo-wordpress\/ -->\n<title>Ficha do projeto - Scan4MyHealth<\/title>\n<meta name=\"robots\" content=\"index, follow, max-snippet:-1, max-image-preview:large, max-video-preview:-1\" \/>\n<link rel=\"canonical\" href=\"https:\/\/scan4myhealth.com\/index.php\/ficha-do-projeto\/\" \/>\n<meta property=\"og:locale\" content=\"pt_PT\" \/>\n<meta property=\"og:type\" content=\"article\" \/>\n<meta property=\"og:title\" content=\"Ficha do projeto - Scan4MyHealth\" \/>\n<meta property=\"og:description\" content=\"Ficha do projeto Designa\u00e7\u00e3o do Projeto: Servi\u00e7o digital de desmaterializa\u00e7\u00e3o recolha e tratamento de dados cl\u00ednicos &#8211; Scan4Health C\u00f3digo do projeto: 12410 Aviso: 16\/C16-i02\/2023 &#8211; Vouchers para startups &#8211; Novos Produtos Verdes e Digitais Regi\u00e3o de interven\u00e7\u00e3o: CENTRO Entidade benefici\u00e1ria: SCAN 4&nbsp; HEALTH UNIPESSOAL LDA Data de in\u00edcio: 11-11-2024 Data de conclus\u00e3o: 12-11-2025 Investimento total [&hellip;]\" \/>\n<meta property=\"og:url\" content=\"https:\/\/scan4myhealth.com\/index.php\/ficha-do-projeto\/\" \/>\n<meta property=\"og:site_name\" content=\"Scan4MyHealth\" \/>\n<meta property=\"article:modified_time\" content=\"2026-04-13T13:21:27+00:00\" \/>\n<meta property=\"og:image\" content=\"https:\/\/scan4myhealth.com\/wp-content\/uploads\/elementor\/thumbs\/thumbnail_ANEXO-1-BARRA-PRR_2024_nova-rdl4ibzvzmsrnp7gzviaihgwvsnxf7q4rec22p01yq.png\" \/>\n<meta name=\"twitter:card\" content=\"summary_large_image\" \/>\n<meta name=\"twitter:label1\" content=\"Tempo estimado de leitura\" \/>\n\t<meta name=\"twitter:data1\" content=\"1 minuto\" \/>\n<script type=\"application\/ld+json\" class=\"yoast-schema-graph\">{\"@context\":\"https:\/\/schema.org\",\"@graph\":[{\"@type\":\"WebPage\",\"@id\":\"https:\/\/scan4myhealth.com\/index.php\/ficha-do-projeto\/\",\"url\":\"https:\/\/scan4myhealth.com\/index.php\/ficha-do-projeto\/\",\"name\":\"Ficha do projeto - Scan4MyHealth\",\"isPartOf\":{\"@id\":\"https:\/\/scan4myhealth.com\/#website\"},\"primaryImageOfPage\":{\"@id\":\"https:\/\/scan4myhealth.com\/index.php\/ficha-do-projeto\/#primaryimage\"},\"image\":{\"@id\":\"https:\/\/scan4myhealth.com\/index.php\/ficha-do-projeto\/#primaryimage\"},\"thumbnailUrl\":\"https:\/\/scan4myhealth.com\/wp-content\/uploads\/elementor\/thumbs\/thumbnail_ANEXO-1-BARRA-PRR_2024_nova-rdl4ibzvzmsrnp7gzviaihgwvsnxf7q4rec22p01yq.png\",\"datePublished\":\"2025-10-15T16:16:47+00:00\",\"dateModified\":\"2026-04-13T13:21:27+00:00\",\"breadcrumb\":{\"@id\":\"https:\/\/scan4myhealth.com\/index.php\/ficha-do-projeto\/#breadcrumb\"},\"inLanguage\":\"pt-PT\",\"potentialAction\":[{\"@type\":\"ReadAction\",\"target\":[\"https:\/\/scan4myhealth.com\/index.php\/ficha-do-projeto\/\"]}]},{\"@type\":\"ImageObject\",\"inLanguage\":\"pt-PT\",\"@id\":\"https:\/\/scan4myhealth.com\/index.php\/ficha-do-projeto\/#primaryimage\",\"url\":\"https:\/\/scan4myhealth.com\/wp-content\/uploads\/elementor\/thumbs\/thumbnail_ANEXO-1-BARRA-PRR_2024_nova-rdl4ibzvzmsrnp7gzviaihgwvsnxf7q4rec22p01yq.png\",\"contentUrl\":\"https:\/\/scan4myhealth.com\/wp-content\/uploads\/elementor\/thumbs\/thumbnail_ANEXO-1-BARRA-PRR_2024_nova-rdl4ibzvzmsrnp7gzviaihgwvsnxf7q4rec22p01yq.png\"},{\"@type\":\"BreadcrumbList\",\"@id\":\"https:\/\/scan4myhealth.com\/index.php\/ficha-do-projeto\/#breadcrumb\",\"itemListElement\":[{\"@type\":\"ListItem\",\"position\":1,\"name\":\"In\u00edcio\",\"item\":\"https:\/\/scan4myhealth.com\/\"},{\"@type\":\"ListItem\",\"position\":2,\"name\":\"Ficha do projeto\"}]},{\"@type\":\"WebSite\",\"@id\":\"https:\/\/scan4myhealth.com\/#website\",\"url\":\"https:\/\/scan4myhealth.com\/\",\"name\":\"Scan4MyHealth\",\"description\":\"\",\"publisher\":{\"@id\":\"https:\/\/scan4myhealth.com\/#organization\"},\"potentialAction\":[{\"@type\":\"SearchAction\",\"target\":{\"@type\":\"EntryPoint\",\"urlTemplate\":\"https:\/\/scan4myhealth.com\/?s={search_term_string}\"},\"query-input\":{\"@type\":\"PropertyValueSpecification\",\"valueRequired\":true,\"valueName\":\"search_term_string\"}}],\"inLanguage\":\"pt-PT\"},{\"@type\":\"Organization\",\"@id\":\"https:\/\/scan4myhealth.com\/#organization\",\"name\":\"Scan4MyHealth\",\"url\":\"https:\/\/scan4myhealth.com\/\",\"logo\":{\"@type\":\"ImageObject\",\"inLanguage\":\"pt-PT\",\"@id\":\"https:\/\/scan4myhealth.com\/#\/schema\/logo\/image\/\",\"url\":\"https:\/\/scan4myhealth.com\/wp-content\/uploads\/2025\/10\/Logo-S4MH-Branco-SVG.png\",\"contentUrl\":\"https:\/\/scan4myhealth.com\/wp-content\/uploads\/2025\/10\/Logo-S4MH-Branco-SVG.png\",\"width\":300,\"height\":100,\"caption\":\"Scan4MyHealth\"},\"image\":{\"@id\":\"https:\/\/scan4myhealth.com\/#\/schema\/logo\/image\/\"}}]}<\/script>\n<!-- \/ Yoast SEO plugin. -->","yoast_head_json":{"title":"Ficha do projeto - Scan4MyHealth","robots":{"index":"index","follow":"follow","max-snippet":"max-snippet:-1","max-image-preview":"max-image-preview:large","max-video-preview":"max-video-preview:-1"},"canonical":"https:\/\/scan4myhealth.com\/index.php\/ficha-do-projeto\/","og_locale":"pt_PT","og_type":"article","og_title":"Ficha do projeto - Scan4MyHealth","og_description":"Ficha do projeto Designa\u00e7\u00e3o do Projeto: Servi\u00e7o digital de desmaterializa\u00e7\u00e3o recolha e tratamento de dados cl\u00ednicos &#8211; Scan4Health C\u00f3digo do projeto: 12410 Aviso: 16\/C16-i02\/2023 &#8211; Vouchers para startups &#8211; Novos Produtos Verdes e Digitais Regi\u00e3o de interven\u00e7\u00e3o: CENTRO Entidade benefici\u00e1ria: SCAN 4&nbsp; HEALTH UNIPESSOAL LDA Data de in\u00edcio: 11-11-2024 Data de conclus\u00e3o: 12-11-2025 Investimento total [&hellip;]","og_url":"https:\/\/scan4myhealth.com\/index.php\/ficha-do-projeto\/","og_site_name":"Scan4MyHealth","article_modified_time":"2026-04-13T13:21:27+00:00","og_image":[{"url":"https:\/\/scan4myhealth.com\/wp-content\/uploads\/elementor\/thumbs\/thumbnail_ANEXO-1-BARRA-PRR_2024_nova-rdl4ibzvzmsrnp7gzviaihgwvsnxf7q4rec22p01yq.png","type":"","width":"","height":""}],"twitter_card":"summary_large_image","twitter_misc":{"Tempo estimado de leitura":"1 minuto"},"schema":{"@context":"https:\/\/schema.org","@graph":[{"@type":"WebPage","@id":"https:\/\/scan4myhealth.com\/index.php\/ficha-do-projeto\/","url":"https:\/\/scan4myhealth.com\/index.php\/ficha-do-projeto\/","name":"Ficha do projeto - Scan4MyHealth","isPartOf":{"@id":"https:\/\/scan4myhealth.com\/#website"},"primaryImageOfPage":{"@id":"https:\/\/scan4myhealth.com\/index.php\/ficha-do-projeto\/#primaryimage"},"image":{"@id":"https:\/\/scan4myhealth.com\/index.php\/ficha-do-projeto\/#primaryimage"},"thumbnailUrl":"https:\/\/scan4myhealth.com\/wp-content\/uploads\/elementor\/thumbs\/thumbnail_ANEXO-1-BARRA-PRR_2024_nova-rdl4ibzvzmsrnp7gzviaihgwvsnxf7q4rec22p01yq.png","datePublished":"2025-10-15T16:16:47+00:00","dateModified":"2026-04-13T13:21:27+00:00","breadcrumb":{"@id":"https:\/\/scan4myhealth.com\/index.php\/ficha-do-projeto\/#breadcrumb"},"inLanguage":"pt-PT","potentialAction":[{"@type":"ReadAction","target":["https:\/\/scan4myhealth.com\/index.php\/ficha-do-projeto\/"]}]},{"@type":"ImageObject","inLanguage":"pt-PT","@id":"https:\/\/scan4myhealth.com\/index.php\/ficha-do-projeto\/#primaryimage","url":"https:\/\/scan4myhealth.com\/wp-content\/uploads\/elementor\/thumbs\/thumbnail_ANEXO-1-BARRA-PRR_2024_nova-rdl4ibzvzmsrnp7gzviaihgwvsnxf7q4rec22p01yq.png","contentUrl":"https:\/\/scan4myhealth.com\/wp-content\/uploads\/elementor\/thumbs\/thumbnail_ANEXO-1-BARRA-PRR_2024_nova-rdl4ibzvzmsrnp7gzviaihgwvsnxf7q4rec22p01yq.png"},{"@type":"BreadcrumbList","@id":"https:\/\/scan4myhealth.com\/index.php\/ficha-do-projeto\/#breadcrumb","itemListElement":[{"@type":"ListItem","position":1,"name":"In\u00edcio","item":"https:\/\/scan4myhealth.com\/"},{"@type":"ListItem","position":2,"name":"Ficha do projeto"}]},{"@type":"WebSite","@id":"https:\/\/scan4myhealth.com\/#website","url":"https:\/\/scan4myhealth.com\/","name":"Scan4MyHealth","description":"","publisher":{"@id":"https:\/\/scan4myhealth.com\/#organization"},"potentialAction":[{"@type":"SearchAction","target":{"@type":"EntryPoint","urlTemplate":"https:\/\/scan4myhealth.com\/?s={search_term_string}"},"query-input":{"@type":"PropertyValueSpecification","valueRequired":true,"valueName":"search_term_string"}}],"inLanguage":"pt-PT"},{"@type":"Organization","@id":"https:\/\/scan4myhealth.com\/#organization","name":"Scan4MyHealth","url":"https:\/\/scan4myhealth.com\/","logo":{"@type":"ImageObject","inLanguage":"pt-PT","@id":"https:\/\/scan4myhealth.com\/#\/schema\/logo\/image\/","url":"https:\/\/scan4myhealth.com\/wp-content\/uploads\/2025\/10\/Logo-S4MH-Branco-SVG.png","contentUrl":"https:\/\/scan4myhealth.com\/wp-content\/uploads\/2025\/10\/Logo-S4MH-Branco-SVG.png","width":300,"height":100,"caption":"Scan4MyHealth"},"image":{"@id":"https:\/\/scan4myhealth.com\/#\/schema\/logo\/image\/"}}]}},"_links":{"self":[{"href":"https:\/\/scan4myhealth.com\/index.php\/wp-json\/wp\/v2\/pages\/301","targetHints":{"allow":["GET"]}}],"collection":[{"href":"https:\/\/scan4myhealth.com\/index.php\/wp-json\/wp\/v2\/pages"}],"about":[{"href":"https:\/\/scan4myhealth.com\/index.php\/wp-json\/wp\/v2\/types\/page"}],"author":[{"embeddable":true,"href":"https:\/\/scan4myhealth.com\/index.php\/wp-json\/wp\/v2\/users\/3"}],"replies":[{"embeddable":true,"href":"https:\/\/scan4myhealth.com\/index.php\/wp-json\/wp\/v2\/comments?post=301"}],"version-history":[{"count":29,"href":"https:\/\/scan4myhealth.com\/index.php\/wp-json\/wp\/v2\/pages\/301\/revisions"}],"predecessor-version":[{"id":434,"href":"https:\/\/scan4myhealth.com\/index.php\/wp-json\/wp\/v2\/pages\/301\/revisions\/434"}],"wp:attachment":[{"href":"https:\/\/scan4myhealth.com\/index.php\/wp-json\/wp\/v2\/media?parent=301"}],"curies":[{"name":"wp","href":"https:\/\/api.w.org\/{rel}","templated":true}]}}