{"id":110,"date":"2025-10-13T16:37:23","date_gmt":"2025-10-13T16:37:23","guid":{"rendered":"https:\/\/scan4myhealth.com\/index.php\/contact\/"},"modified":"2025-10-22T14:45:09","modified_gmt":"2025-10-22T14:45:09","slug":"contactos","status":"publish","type":"page","link":"https:\/\/scan4myhealth.com\/index.php\/contactos\/","title":{"rendered":"Contactos"},"content":{"rendered":"\t\t<div data-elementor-type=\"wp-page\" data-elementor-id=\"110\" class=\"elementor elementor-110\">\n\t\t\t\t<div class=\"elementor-element elementor-element-2be70090 e-flex e-con-boxed e-con e-parent\" data-id=\"2be70090\" data-element_type=\"container\" data-e-type=\"container\" data-settings=\"{&quot;background_background&quot;:&quot;gradient&quot;,&quot;shape_divider_bottom&quot;:&quot;waves&quot;}\">\n\t\t\t\t\t<div class=\"e-con-inner\">\n\t\t\t\t<div class=\"elementor-shape elementor-shape-bottom\" aria-hidden=\"true\" data-negative=\"false\">\n\t\t\t<svg xmlns=\"http:\/\/www.w3.org\/2000\/svg\" viewBox=\"0 0 1000 100\" preserveAspectRatio=\"none\">\n\t<path class=\"elementor-shape-fill\" d=\"M421.9,6.5c22.6-2.5,51.5,0.4,75.5,5.3c23.6,4.9,70.9,23.5,100.5,35.7c75.8,32.2,133.7,44.5,192.6,49.7\n\tc23.6,2.1,48.7,3.5,103.4-2.5c54.7-6,106.2-25.6,106.2-25.6V0H0v30.3c0,0,72,32.6,158.4,30.5c39.2-0.7,92.8-6.7,134-22.4\n\tc21.2-8.1,52.2-18.2,79.7-24.2C399.3,7.9,411.6,7.5,421.9,6.5z\"\/>\n<\/svg>\t\t<\/div>\n\t\t\t\t<div class=\"elementor-element elementor-element-4cc12d73 elementor-widget elementor-widget-heading\" data-id=\"4cc12d73\" data-element_type=\"widget\" data-e-type=\"widget\" data-widget_type=\"heading.default\">\n\t\t\t\t\t<h1 class=\"elementor-heading-title elementor-size-default\">Fale Connosco<\/h1>\t\t\t\t<\/div>\n\t\t\t\t<div class=\"elementor-element elementor-element-180898d0 elementor-widget elementor-widget-heading\" data-id=\"180898d0\" data-element_type=\"widget\" data-e-type=\"widget\" data-widget_type=\"heading.default\">\n\t\t\t\t\t<h3 class=\"elementor-heading-title elementor-size-default\">\nQueremos mostrar-lhe como unir tecnologia, efici\u00eancia e cuidado humano numa solu\u00e7\u00e3o \u00fanica.<\/h3>\t\t\t\t<\/div>\n\t\t\t\t\t<\/div>\n\t\t\t\t<\/div>\n\t\t<div class=\"elementor-element elementor-element-3a1d9062 e-flex e-con-boxed e-con e-parent\" data-id=\"3a1d9062\" data-element_type=\"container\" data-e-type=\"container\" data-settings=\"{&quot;background_background&quot;:&quot;classic&quot;}\">\n\t\t\t\t\t<div class=\"e-con-inner\">\n\t\t\t\t<div class=\"elementor-element elementor-element-5765477 elementor-widget elementor-widget-menu-anchor\" data-id=\"5765477\" data-element_type=\"widget\" data-e-type=\"widget\" data-widget_type=\"menu-anchor.default\">\n\t\t\t\t\t\t\t<div class=\"elementor-menu-anchor\" id=\"Formulrio\"><\/div>\n\t\t\t\t\t\t<\/div>\n\t\t<div class=\"elementor-element elementor-element-b26a506 e-con-full e-flex e-con e-child\" data-id=\"b26a506\" data-element_type=\"container\" data-e-type=\"container\" data-settings=\"{&quot;background_background&quot;:&quot;classic&quot;}\">\n\t\t\t\t<div class=\"elementor-element elementor-element-534a921 elementor-widget elementor-widget-menu-anchor\" data-id=\"534a921\" data-element_type=\"widget\" data-e-type=\"widget\" data-widget_type=\"menu-anchor.default\">\n\t\t\t\t\t\t\t<div class=\"elementor-menu-anchor\" id=\"Formulrio\"><\/div>\n\t\t\t\t\t\t<\/div>\n\t\t\t\t<div class=\"elementor-element elementor-element-67a7ca4 elementor-widget elementor-widget-wpforms\" data-id=\"67a7ca4\" data-element_type=\"widget\" data-e-type=\"widget\" data-widget_type=\"wpforms.default\">\n\t\t\t\t<div class=\"elementor-widget-container\">\n\t\t\t\t\t<style id=\"wpforms-css-vars-elementor-widget-67a7ca4\">\n\t\t\t\t.elementor-widget-wpforms.elementor-element-67a7ca4 {\n\t\t\t\t--wpforms-button-border-radius: 40px;\n--wpforms-button-background-color: #06D9FA;\n\t\t\t}\n\t\t\t<\/style><div class=\"wpforms-container wpforms-container-full wpforms-render-modern\" id=\"wpforms-352\"><form id=\"wpforms-form-352\" class=\"wpforms-validate wpforms-form wpforms-ajax-form\" data-formid=\"352\" method=\"post\" enctype=\"multipart\/form-data\" action=\"\/index.php\/wp-json\/wp\/v2\/pages\/110\" data-token=\"68c28edd46358f128b84e431d6ad4a45\" data-token-time=\"1776346665\"><noscript class=\"wpforms-error-noscript\">Please enable JavaScript in your browser to complete this form.<\/noscript><div id=\"wpforms-error-noscript\" style=\"display: none;\">Please enable JavaScript in your browser to complete this form.<\/div><div class=\"wpforms-field-container\"><div id=\"wpforms-352-field_1-container\" class=\"wpforms-field wpforms-field-name\" data-field-id=\"1\"><label class=\"wpforms-field-label\" for=\"wpforms-352-field_1\">Nome <span class=\"wpforms-required-label\" aria-hidden=\"true\">*<\/span><\/label><input type=\"text\" id=\"wpforms-352-field_1\" class=\"wpforms-field-medium wpforms-field-required\" name=\"wpforms[fields][1]\" aria-errormessage=\"wpforms-352-field_1-error\" required><\/div>\t\t<div id=\"wpforms-352-field_4-container\"\n\t\t\tclass=\"wpforms-field wpforms-field-text\"\n\t\t\tdata-field-type=\"text\"\n\t\t\tdata-field-id=\"4\"\n\t\t\t>\n\t\t\t<label class=\"wpforms-field-label\" for=\"wpforms-352-field_4\" >Mensagem Nome Email<\/label>\n\t\t\t<input type=\"text\" id=\"wpforms-352-field_4\" class=\"wpforms-field-medium\" name=\"wpforms[fields][4]\" >\n\t\t<\/div>\n\t\t<div id=\"wpforms-352-field_2-container\" class=\"wpforms-field wpforms-field-email\" data-field-id=\"2\"><label class=\"wpforms-field-label\" for=\"wpforms-352-field_2\">Email <span class=\"wpforms-required-label\" aria-hidden=\"true\">*<\/span><\/label><input type=\"email\" id=\"wpforms-352-field_2\" class=\"wpforms-field-medium wpforms-field-required\" name=\"wpforms[fields][2]\" spellcheck=\"false\" aria-errormessage=\"wpforms-352-field_2-error\" required><\/div><div id=\"wpforms-352-field_3-container\" class=\"wpforms-field wpforms-field-textarea\" data-field-id=\"3\"><label class=\"wpforms-field-label\" for=\"wpforms-352-field_3\">Mensagem <span class=\"wpforms-required-label\" aria-hidden=\"true\">*<\/span><\/label><textarea id=\"wpforms-352-field_3\" class=\"wpforms-field-medium wpforms-field-required\" name=\"wpforms[fields][3]\" aria-errormessage=\"wpforms-352-field_3-error\" required><\/textarea><\/div><script>\n\t\t\t\t( function() {\n\t\t\t\t\tconst style = document.createElement( 'style' );\n\t\t\t\t\tstyle.appendChild( document.createTextNode( '#wpforms-352-field_4-container { position: absolute !important; overflow: hidden !important; display: inline !important; height: 1px !important; width: 1px !important; z-index: -1000 !important; padding: 0 !important; } #wpforms-352-field_4-container input { visibility: hidden; } #wpforms-conversational-form-page #wpforms-352-field_4-container label { counter-increment: none; }' ) );\n\t\t\t\t\tdocument.head.appendChild( style );\n\t\t\t\t\tdocument.currentScript?.remove();\n\t\t\t\t} )();\n\t\t\t<\/script><\/div><!-- .wpforms-field-container --><div class=\"wpforms-recaptcha-container wpforms-is-recaptcha wpforms-is-recaptcha-type-v2\" ><div class=\"g-recaptcha\" data-sitekey=\"6Ld1jesrAAAAAAwHTemz-drVAN46yQaUsgyNhpSA\"><\/div><input type=\"text\" name=\"g-recaptcha-hidden\" class=\"wpforms-recaptcha-hidden\" style=\"position:absolute!important;clip:rect(0,0,0,0)!important;height:1px!important;width:1px!important;border:0!important;overflow:hidden!important;padding:0!important;margin:0!important;\" data-rule-recaptcha=\"1\"><\/div><div class=\"wpforms-submit-container\" ><input type=\"hidden\" name=\"wpforms[id]\" value=\"352\"><input type=\"hidden\" name=\"page_title\" value=\"\"><input type=\"hidden\" name=\"page_url\" value=\"https:\/\/scan4myhealth.com\/index.php\/wp-json\/wp\/v2\/pages\/110\"><input type=\"hidden\" name=\"url_referer\" value=\"\"><button type=\"submit\" name=\"wpforms[submit]\" id=\"wpforms-submit-352\" class=\"wpforms-submit\" data-alt-text=\"A Enviar... Obrigada pelo contacto!\" data-submit-text=\"Enviar\" aria-live=\"assertive\" value=\"wpforms-submit\">Enviar<\/button><img decoding=\"async\" src=\"https:\/\/scan4myhealth.com\/wp-content\/plugins\/wpforms-lite\/assets\/images\/submit-spin.svg\" class=\"wpforms-submit-spinner\" style=\"display: none;\" width=\"26\" height=\"26\" alt=\"Loading\"><\/div><\/form><\/div>  <!-- .wpforms-container -->\t\t\t\t<\/div>\n\t\t\t\t<\/div>\n\t\t\t\t<\/div>\n\t\t<div class=\"elementor-element elementor-element-704fbe64 e-con-full e-flex e-con e-child\" data-id=\"704fbe64\" data-element_type=\"container\" data-e-type=\"container\">\n\t\t\t\t<div class=\"elementor-element elementor-element-24d8c089 elementor-widget elementor-widget-heading\" data-id=\"24d8c089\" data-element_type=\"widget\" data-e-type=\"widget\" data-widget_type=\"heading.default\">\n\t\t\t\t\t<h2 class=\"elementor-heading-title elementor-size-default\">Pe\u00e7a a sua Demonstra\u00e7\u00e3o<\/h2>\t\t\t\t<\/div>\n\t\t\t\t<div class=\"elementor-element elementor-element-27138975 elementor-widget elementor-widget-heading\" data-id=\"27138975\" data-element_type=\"widget\" data-e-type=\"widget\" data-widget_type=\"heading.default\">\n\t\t\t\t\t<h3 class=\"elementor-heading-title elementor-size-default\">Cuide melhor, com tecnologia em tempo real.<\/h3>\t\t\t\t<\/div>\n\t\t\t\t<div class=\"elementor-element elementor-element-bf5560d elementor-widget elementor-widget-text-editor\" data-id=\"bf5560d\" data-element_type=\"widget\" data-e-type=\"widget\" data-widget_type=\"text-editor.default\">\n\t\t\t\t\t\t\t\t\t<p>Preencha o formul\u00e1rio e descubra como a <strong data-start=\"672\" data-end=\"689\">Scan4myHealth<\/strong> pode transformar a monitoriza\u00e7\u00e3o e gest\u00e3o dos seus pacientes &#8211; com dados vitais precisos e liga\u00e7\u00e3o direta entre utentes e profissionais.<\/p>\t\t\t\t\t\t\t\t<\/div>\n\t\t\t\t<\/div>\n\t\t\t\t\t<\/div>\n\t\t\t\t<\/div>\n\t\t<div class=\"elementor-element elementor-element-52487550 e-flex e-con-boxed e-con e-parent\" data-id=\"52487550\" data-element_type=\"container\" data-e-type=\"container\" data-settings=\"{&quot;background_background&quot;:&quot;gradient&quot;,&quot;shape_divider_top&quot;:&quot;waves&quot;}\">\n\t\t\t\t\t<div class=\"e-con-inner\">\n\t\t\t\t<div class=\"elementor-shape elementor-shape-top\" aria-hidden=\"true\" data-negative=\"false\">\n\t\t\t<svg xmlns=\"http:\/\/www.w3.org\/2000\/svg\" viewBox=\"0 0 1000 100\" preserveAspectRatio=\"none\">\n\t<path class=\"elementor-shape-fill\" d=\"M421.9,6.5c22.6-2.5,51.5,0.4,75.5,5.3c23.6,4.9,70.9,23.5,100.5,35.7c75.8,32.2,133.7,44.5,192.6,49.7\n\tc23.6,2.1,48.7,3.5,103.4-2.5c54.7-6,106.2-25.6,106.2-25.6V0H0v30.3c0,0,72,32.6,158.4,30.5c39.2-0.7,92.8-6.7,134-22.4\n\tc21.2-8.1,52.2-18.2,79.7-24.2C399.3,7.9,411.6,7.5,421.9,6.5z\"\/>\n<\/svg>\t\t<\/div>\n\t\t<div class=\"elementor-element elementor-element-7224729c e-con-full e-flex e-con e-child\" data-id=\"7224729c\" data-element_type=\"container\" data-e-type=\"container\">\n\t\t\t\t<div class=\"elementor-element elementor-element-393e5d3 elementor-widget elementor-widget-cta\" data-id=\"393e5d3\" data-element_type=\"widget\" data-e-type=\"widget\" data-settings=\"{&quot;primary_button_shape&quot;:&quot;round&quot;,&quot;cta_vertical_position&quot;:&quot;end&quot;,&quot;layout_preset&quot;:&quot;focus&quot;,&quot;box_shape&quot;:&quot;sharp&quot;}\" data-widget_type=\"cta.default\">\n\t\t\t\t<div class=\"elementor-widget-container\">\n\t\t\t\t\t\t\t<div class=\"has-shape-sharp shape-type-box ehp-cta has-preset-focus\">\n\t\t\t<div class=\"ehp-cta__overlay\"><\/div>\n\t\t\t<div class=\"ehp-cta__elements-container\">\n\t\t\t\t\t\t<div class=\"ehp-cta__text-container\">\n\t\t\t<h2 class=\"ehp-cta__heading\">Quer saber mais sobre n\u00f3s?<\/h2>\t\t<\/div>\n\t\t\t\t\t<div class=\"ehp-cta__ctas-container\">\n\t\t\t\t<div class=\"ehp-cta__buttons-wrapper\">\n\t\t\t\t\t\t\t<a class=\"has-shape-round shape-type-button ehp-button ehp-button--primary ehp-cta__button ehp-cta__button--primary is-type-button\" href=\"#Formulrio\">\n\t\t\t<svg aria-hidden=\"true\" class=\"ehp-button__icon e-font-icon-svg e-fas-arrow-right\" 0=\"ehp-cta__button-icon\" viewBox=\"0 0 448 512\" xmlns=\"http:\/\/www.w3.org\/2000\/svg\"><path d=\"M190.5 66.9l22.2-22.2c9.4-9.4 24.6-9.4 33.9 0L441 239c9.4 9.4 9.4 24.6 0 33.9L246.6 467.3c-9.4 9.4-24.6 9.4-33.9 0l-22.2-22.2c-9.5-9.5-9.3-25 .4-34.3L311.4 296H24c-13.3 0-24-10.7-24-24v-32c0-13.3 10.7-24 24-24h287.4L190.9 101.2c-9.8-9.3-10-24.8-.4-34.3z\"><\/path><\/svg>\t\t<span class=\"ehp-button__text ehp-cta__button-text ehp-cta__button-text--primary\">\n\t\t\tVamos Falar\t\t\t\t<\/a>\n\t\t\t\t\t\t\t\t\t\t\t<\/div>\n\t\t\t<\/div>\n\t\t\t\t\t<\/div>\n\t\t<\/div>\n\t\t\t\t\t\t<\/div>\n\t\t\t\t<\/div>\n\t\t\t\t<\/div>\n\t\t<div class=\"elementor-element elementor-element-21351ac8 e-con-full e-flex e-con e-child\" data-id=\"21351ac8\" data-element_type=\"container\" data-e-type=\"container\">\n\t\t\t\t<div class=\"elementor-element elementor-element-7e59405b elementor-widget elementor-widget-image\" data-id=\"7e59405b\" data-element_type=\"widget\" data-e-type=\"widget\" data-widget_type=\"image.default\">\n\t\t\t\t\t\t\t\t\t\t\t\t\t\t\t<img fetchpriority=\"high\" decoding=\"async\" width=\"539\" height=\"539\" src=\"https:\/\/scan4myhealth.com\/wp-content\/uploads\/2025\/10\/Officegest-6.png\" class=\"attachment-full size-full wp-image-167\" alt=\"\" srcset=\"https:\/\/scan4myhealth.com\/wp-content\/uploads\/2025\/10\/Officegest-6.png 539w, https:\/\/scan4myhealth.com\/wp-content\/uploads\/2025\/10\/Officegest-6-300x300.png 300w, https:\/\/scan4myhealth.com\/wp-content\/uploads\/2025\/10\/Officegest-6-150x150.png 150w\" sizes=\"(max-width: 539px) 100vw, 539px\" \/>\t\t\t\t\t\t\t\t\t\t\t\t\t\t\t<\/div>\n\t\t\t\t<\/div>\n\t\t\t\t\t<\/div>\n\t\t\t\t<\/div>\n\t\t<div class=\"elementor-element elementor-element-6a9b057c e-flex e-con-boxed e-con e-parent\" data-id=\"6a9b057c\" data-element_type=\"container\" data-e-type=\"container\">\n\t\t\t\t\t<div class=\"e-con-inner\">\n\t\t<div class=\"elementor-element elementor-element-3af240a0 e-con-full e-flex e-con e-child\" data-id=\"3af240a0\" data-element_type=\"container\" data-e-type=\"container\">\n\t\t\t\t<\/div>\n\t\t<div class=\"elementor-element elementor-element-783b1eab e-con-full e-flex e-con e-child\" data-id=\"783b1eab\" data-element_type=\"container\" data-e-type=\"container\">\n\t\t\t\t<div class=\"elementor-element elementor-element-3a7b03ae elementor-widget elementor-widget-image\" data-id=\"3a7b03ae\" data-element_type=\"widget\" data-e-type=\"widget\" data-widget_type=\"image.default\">\n\t\t\t\t\t\t\t\t\t\t\t\t\t\t\t\t<a href=\"https:\/\/scan4myhealth.com\/index.php\/ficha-do-projeto\/\">\n\t\t\t\t\t\t\t<img decoding=\"async\" width=\"1920\" height=\"277\" src=\"https:\/\/scan4myhealth.com\/wp-content\/uploads\/2025\/10\/thumbnail_ANEXO-1-BARRA-PRR_2024_nova.png\" class=\"attachment-full size-full wp-image-397\" alt=\"\" srcset=\"https:\/\/scan4myhealth.com\/wp-content\/uploads\/2025\/10\/thumbnail_ANEXO-1-BARRA-PRR_2024_nova.png 1920w, https:\/\/scan4myhealth.com\/wp-content\/uploads\/2025\/10\/thumbnail_ANEXO-1-BARRA-PRR_2024_nova-300x43.png 300w, https:\/\/scan4myhealth.com\/wp-content\/uploads\/2025\/10\/thumbnail_ANEXO-1-BARRA-PRR_2024_nova-1024x148.png 1024w, https:\/\/scan4myhealth.com\/wp-content\/uploads\/2025\/10\/thumbnail_ANEXO-1-BARRA-PRR_2024_nova-768x111.png 768w, https:\/\/scan4myhealth.com\/wp-content\/uploads\/2025\/10\/thumbnail_ANEXO-1-BARRA-PRR_2024_nova-1536x222.png 1536w\" sizes=\"(max-width: 1920px) 100vw, 1920px\" \/>\t\t\t\t\t\t\t\t<\/a>\n\t\t\t\t\t\t\t\t\t\t\t\t\t\t\t<\/div>\n\t\t\t\t<\/div>\n\t\t\t\t\t<\/div>\n\t\t\t\t<\/div>\n\t\t\t\t<\/div>\n\t\t","protected":false},"excerpt":{"rendered":"<p>Fale Connosco Queremos mostrar-lhe como unir tecnologia, efici\u00eancia e cuidado humano numa solu\u00e7\u00e3o \u00fanica. Please enable JavaScript in your browser to complete this form.Please enable JavaScript in your browser to complete this form.Nome *Email *Mensagem * Enviar Pe\u00e7a a sua Demonstra\u00e7\u00e3o Cuide melhor, com tecnologia em tempo real. Preencha o formul\u00e1rio e descubra como a [&hellip;]<\/p>\n","protected":false},"author":3,"featured_media":0,"parent":0,"menu_order":0,"comment_status":"closed","ping_status":"closed","template":"","meta":{"footnotes":""},"class_list":["post-110","page","type-page","status-publish","hentry"],"yoast_head":"<!-- This site is optimized with the Yoast SEO plugin v27.2 - https:\/\/yoast.com\/product\/yoast-seo-wordpress\/ -->\n<title>Contactos - Scan4MyHealth<\/title>\n<meta name=\"robots\" content=\"index, follow, max-snippet:-1, max-image-preview:large, max-video-preview:-1\" \/>\n<link rel=\"canonical\" href=\"https:\/\/scan4myhealth.com\/index.php\/contactos\/\" \/>\n<meta property=\"og:locale\" content=\"pt_PT\" \/>\n<meta property=\"og:type\" content=\"article\" \/>\n<meta property=\"og:title\" content=\"Contactos - Scan4MyHealth\" \/>\n<meta property=\"og:description\" content=\"Fale Connosco Queremos mostrar-lhe como unir tecnologia, efici\u00eancia e cuidado humano numa solu\u00e7\u00e3o \u00fanica. Please enable JavaScript in your browser to complete this form.Please enable JavaScript in your browser to complete this form.Nome *Email *Mensagem * Enviar Pe\u00e7a a sua Demonstra\u00e7\u00e3o Cuide melhor, com tecnologia em tempo real. Preencha o formul\u00e1rio e descubra como a [&hellip;]\" \/>\n<meta property=\"og:url\" content=\"https:\/\/scan4myhealth.com\/index.php\/contactos\/\" \/>\n<meta property=\"og:site_name\" content=\"Scan4MyHealth\" \/>\n<meta property=\"article:modified_time\" content=\"2025-10-22T14:45:09+00:00\" \/>\n<meta property=\"og:image\" content=\"https:\/\/scan4myhealth.com\/wp-content\/plugins\/wpforms-lite\/assets\/images\/submit-spin.svg\" \/>\n<meta name=\"twitter:card\" content=\"summary_large_image\" \/>\n<meta name=\"twitter:label1\" content=\"Tempo estimado de leitura\" \/>\n\t<meta name=\"twitter:data1\" content=\"1 minuto\" \/>\n<script type=\"application\/ld+json\" class=\"yoast-schema-graph\">{\"@context\":\"https:\/\/schema.org\",\"@graph\":[{\"@type\":\"WebPage\",\"@id\":\"https:\/\/scan4myhealth.com\/index.php\/contactos\/\",\"url\":\"https:\/\/scan4myhealth.com\/index.php\/contactos\/\",\"name\":\"Contactos - Scan4MyHealth\",\"isPartOf\":{\"@id\":\"https:\/\/scan4myhealth.com\/#website\"},\"primaryImageOfPage\":{\"@id\":\"https:\/\/scan4myhealth.com\/index.php\/contactos\/#primaryimage\"},\"image\":{\"@id\":\"https:\/\/scan4myhealth.com\/index.php\/contactos\/#primaryimage\"},\"thumbnailUrl\":\"https:\/\/scan4myhealth.com\/wp-content\/plugins\/wpforms-lite\/assets\/images\/submit-spin.svg\",\"datePublished\":\"2025-10-13T16:37:23+00:00\",\"dateModified\":\"2025-10-22T14:45:09+00:00\",\"breadcrumb\":{\"@id\":\"https:\/\/scan4myhealth.com\/index.php\/contactos\/#breadcrumb\"},\"inLanguage\":\"pt-PT\",\"potentialAction\":[{\"@type\":\"ReadAction\",\"target\":[\"https:\/\/scan4myhealth.com\/index.php\/contactos\/\"]}]},{\"@type\":\"ImageObject\",\"inLanguage\":\"pt-PT\",\"@id\":\"https:\/\/scan4myhealth.com\/index.php\/contactos\/#primaryimage\",\"url\":\"https:\/\/scan4myhealth.com\/wp-content\/plugins\/wpforms-lite\/assets\/images\/submit-spin.svg\",\"contentUrl\":\"https:\/\/scan4myhealth.com\/wp-content\/plugins\/wpforms-lite\/assets\/images\/submit-spin.svg\"},{\"@type\":\"BreadcrumbList\",\"@id\":\"https:\/\/scan4myhealth.com\/index.php\/contactos\/#breadcrumb\",\"itemListElement\":[{\"@type\":\"ListItem\",\"position\":1,\"name\":\"In\u00edcio\",\"item\":\"https:\/\/scan4myhealth.com\/\"},{\"@type\":\"ListItem\",\"position\":2,\"name\":\"Contactos\"}]},{\"@type\":\"WebSite\",\"@id\":\"https:\/\/scan4myhealth.com\/#website\",\"url\":\"https:\/\/scan4myhealth.com\/\",\"name\":\"Scan4MyHealth\",\"description\":\"\",\"publisher\":{\"@id\":\"https:\/\/scan4myhealth.com\/#organization\"},\"potentialAction\":[{\"@type\":\"SearchAction\",\"target\":{\"@type\":\"EntryPoint\",\"urlTemplate\":\"https:\/\/scan4myhealth.com\/?s={search_term_string}\"},\"query-input\":{\"@type\":\"PropertyValueSpecification\",\"valueRequired\":true,\"valueName\":\"search_term_string\"}}],\"inLanguage\":\"pt-PT\"},{\"@type\":\"Organization\",\"@id\":\"https:\/\/scan4myhealth.com\/#organization\",\"name\":\"Scan4MyHealth\",\"url\":\"https:\/\/scan4myhealth.com\/\",\"logo\":{\"@type\":\"ImageObject\",\"inLanguage\":\"pt-PT\",\"@id\":\"https:\/\/scan4myhealth.com\/#\/schema\/logo\/image\/\",\"url\":\"https:\/\/scan4myhealth.com\/wp-content\/uploads\/2025\/10\/Logo-S4MH-Branco-SVG.png\",\"contentUrl\":\"https:\/\/scan4myhealth.com\/wp-content\/uploads\/2025\/10\/Logo-S4MH-Branco-SVG.png\",\"width\":300,\"height\":100,\"caption\":\"Scan4MyHealth\"},\"image\":{\"@id\":\"https:\/\/scan4myhealth.com\/#\/schema\/logo\/image\/\"}}]}<\/script>\n<!-- \/ Yoast SEO plugin. -->","yoast_head_json":{"title":"Contactos - Scan4MyHealth","robots":{"index":"index","follow":"follow","max-snippet":"max-snippet:-1","max-image-preview":"max-image-preview:large","max-video-preview":"max-video-preview:-1"},"canonical":"https:\/\/scan4myhealth.com\/index.php\/contactos\/","og_locale":"pt_PT","og_type":"article","og_title":"Contactos - Scan4MyHealth","og_description":"Fale Connosco Queremos mostrar-lhe como unir tecnologia, efici\u00eancia e cuidado humano numa solu\u00e7\u00e3o \u00fanica. Please enable JavaScript in your browser to complete this form.Please enable JavaScript in your browser to complete this form.Nome *Email *Mensagem * Enviar Pe\u00e7a a sua Demonstra\u00e7\u00e3o Cuide melhor, com tecnologia em tempo real. Preencha o formul\u00e1rio e descubra como a [&hellip;]","og_url":"https:\/\/scan4myhealth.com\/index.php\/contactos\/","og_site_name":"Scan4MyHealth","article_modified_time":"2025-10-22T14:45:09+00:00","og_image":[{"url":"https:\/\/scan4myhealth.com\/wp-content\/plugins\/wpforms-lite\/assets\/images\/submit-spin.svg","type":"","width":"","height":""}],"twitter_card":"summary_large_image","twitter_misc":{"Tempo estimado de leitura":"1 minuto"},"schema":{"@context":"https:\/\/schema.org","@graph":[{"@type":"WebPage","@id":"https:\/\/scan4myhealth.com\/index.php\/contactos\/","url":"https:\/\/scan4myhealth.com\/index.php\/contactos\/","name":"Contactos - Scan4MyHealth","isPartOf":{"@id":"https:\/\/scan4myhealth.com\/#website"},"primaryImageOfPage":{"@id":"https:\/\/scan4myhealth.com\/index.php\/contactos\/#primaryimage"},"image":{"@id":"https:\/\/scan4myhealth.com\/index.php\/contactos\/#primaryimage"},"thumbnailUrl":"https:\/\/scan4myhealth.com\/wp-content\/plugins\/wpforms-lite\/assets\/images\/submit-spin.svg","datePublished":"2025-10-13T16:37:23+00:00","dateModified":"2025-10-22T14:45:09+00:00","breadcrumb":{"@id":"https:\/\/scan4myhealth.com\/index.php\/contactos\/#breadcrumb"},"inLanguage":"pt-PT","potentialAction":[{"@type":"ReadAction","target":["https:\/\/scan4myhealth.com\/index.php\/contactos\/"]}]},{"@type":"ImageObject","inLanguage":"pt-PT","@id":"https:\/\/scan4myhealth.com\/index.php\/contactos\/#primaryimage","url":"https:\/\/scan4myhealth.com\/wp-content\/plugins\/wpforms-lite\/assets\/images\/submit-spin.svg","contentUrl":"https:\/\/scan4myhealth.com\/wp-content\/plugins\/wpforms-lite\/assets\/images\/submit-spin.svg"},{"@type":"BreadcrumbList","@id":"https:\/\/scan4myhealth.com\/index.php\/contactos\/#breadcrumb","itemListElement":[{"@type":"ListItem","position":1,"name":"In\u00edcio","item":"https:\/\/scan4myhealth.com\/"},{"@type":"ListItem","position":2,"name":"Contactos"}]},{"@type":"WebSite","@id":"https:\/\/scan4myhealth.com\/#website","url":"https:\/\/scan4myhealth.com\/","name":"Scan4MyHealth","description":"","publisher":{"@id":"https:\/\/scan4myhealth.com\/#organization"},"potentialAction":[{"@type":"SearchAction","target":{"@type":"EntryPoint","urlTemplate":"https:\/\/scan4myhealth.com\/?s={search_term_string}"},"query-input":{"@type":"PropertyValueSpecification","valueRequired":true,"valueName":"search_term_string"}}],"inLanguage":"pt-PT"},{"@type":"Organization","@id":"https:\/\/scan4myhealth.com\/#organization","name":"Scan4MyHealth","url":"https:\/\/scan4myhealth.com\/","logo":{"@type":"ImageObject","inLanguage":"pt-PT","@id":"https:\/\/scan4myhealth.com\/#\/schema\/logo\/image\/","url":"https:\/\/scan4myhealth.com\/wp-content\/uploads\/2025\/10\/Logo-S4MH-Branco-SVG.png","contentUrl":"https:\/\/scan4myhealth.com\/wp-content\/uploads\/2025\/10\/Logo-S4MH-Branco-SVG.png","width":300,"height":100,"caption":"Scan4MyHealth"},"image":{"@id":"https:\/\/scan4myhealth.com\/#\/schema\/logo\/image\/"}}]}},"_links":{"self":[{"href":"https:\/\/scan4myhealth.com\/index.php\/wp-json\/wp\/v2\/pages\/110","targetHints":{"allow":["GET"]}}],"collection":[{"href":"https:\/\/scan4myhealth.com\/index.php\/wp-json\/wp\/v2\/pages"}],"about":[{"href":"https:\/\/scan4myhealth.com\/index.php\/wp-json\/wp\/v2\/types\/page"}],"author":[{"embeddable":true,"href":"https:\/\/scan4myhealth.com\/index.php\/wp-json\/wp\/v2\/users\/3"}],"replies":[{"embeddable":true,"href":"https:\/\/scan4myhealth.com\/index.php\/wp-json\/wp\/v2\/comments?post=110"}],"version-history":[{"count":41,"href":"https:\/\/scan4myhealth.com\/index.php\/wp-json\/wp\/v2\/pages\/110\/revisions"}],"predecessor-version":[{"id":407,"href":"https:\/\/scan4myhealth.com\/index.php\/wp-json\/wp\/v2\/pages\/110\/revisions\/407"}],"wp:attachment":[{"href":"https:\/\/scan4myhealth.com\/index.php\/wp-json\/wp\/v2\/media?parent=110"}],"curies":[{"name":"wp","href":"https:\/\/api.w.org\/{rel}","templated":true}]}}